{"id":179,"date":"2019-05-28T11:33:26","date_gmt":"2019-05-28T09:33:26","guid":{"rendered":"https:\/\/new.lef.it\/privacy-policy\/"},"modified":"2019-11-21T16:11:36","modified_gmt":"2019-11-21T15:11:36","slug":"privacy-policy","status":"publish","type":"page","link":"https:\/\/leflighting.it\/en\/privacy-policy\/","title":{"rendered":"Privacy Policy"},"content":{"rendered":"<div id=\"pl-179\"  class=\"panel-layout\" ><div id=\"pg-179-0\"  class=\"panel-grid panel-has-style\" ><div class=\"uk-container uk-section panel-row-style panel-row-style-for-179-0\" ><div id=\"pgc-179-0-0\"  class=\"panel-grid-cell\" ><div id=\"panel-179-0-0-0\" class=\"so-panel widget widget_sow-editor panel-first-child panel-last-child\" data-index=\"0\" ><div\n\t\t\t\n\t\t\tclass=\"so-widget-sow-editor so-widget-sow-editor-base\"\n\t\t\t\n\t\t><h3 class=\"widget-title\">Informativa per il trattamento di\u00a0dati personali<\/h3>\n<div class=\"siteorigin-widget-tinymce textwidget\">\n\t<p class=\"p1\"><span class=\"s1\">In conformit\u00e0 con quanto previsto dall\u2019art. 13 del Regolamento UE 679\/2016 (\"GDPR\"), relativa alla tutela del trattamento dei dati personali raccolti presso l'interessato<\/span><span class=\"s2\"> \u2013 <\/span><span class=\"s1\"><b>LEF LIGHTING SRL <\/b> sede legale: Via R. Morandi, 9\/11 Sesto Fiorentino (FI) - P.IVA 06741590480, tel. 055\/4217727, in qualit\u00e0 di Titolare del trattamento.<\/span><\/p>\n<ol class=\"ol1\">\n<li class=\"li2\"><b><\/b><span class=\"s1\"><b>Identit\u00e0 del Titolare del trattamento dei Dati e modalit\u00e0 di contatto<\/b><\/span><\/li>\n<\/ol>\n<p class=\"p2\"><span class=\"s1\">Ai sensi dell\u2019art. 4 del regolamento, la societ\u00e0 \u00e8 titolare del trattamento dei Dati.<\/span><\/p>\n<p class=\"p2\"><span class=\"s1\">Per comunicazioni o richieste, la Societ\u00e0 \u00e8 raggiungibile via e-mail all\u2019indirizzo: <a href=\"mailto:ufficiocommerciale@lefgroup.com\"><span class=\"s3\">ufficiocommerciale@lefgroup.com<\/span><\/a> <\/span><\/p>\n<ol class=\"ol1\">\n<li class=\"li2\"><b><\/b><span class=\"s1\"><b>Responsabile della Protezione dei Dati<\/b><\/span><\/li>\n<\/ol>\n<p class=\"p3\"><span class=\"s1\">Non ricadendo nella casistica specificata dall'art. 37 del reg. UE 2016\/679, tenuto anche in considerazione le indicazioni della linea guida WP243, il Responsabile della Protezione dei Dati non \u00e8 stato designato.<\/span><\/p>\n<ol class=\"ol1\">\n<li class=\"li3\"><b><\/b><span class=\"s1\"><b>Base giuridica, finalit\u00e0 ed obbligatoriet\u00e0 del Trattamento<\/b><\/span><\/li>\n<\/ol>\n<p class=\"p3\"><span class=\"s1\">I dati trattati dalla ns societ\u00e0 possono includere dati personali, non facenti parti di categorie particolari (art. 9 del Regolamento) raccolti ai fini della conclusione del contratto con il Cliente, Fornitore, Dipendente e Collaboratore nell\u2019ambito dell\u2019esecuzione e\/o della stipula dello stesso.<\/span><\/p>\n<p class=\"p4\"><span class=\"s1\">Il trattamento dei dati personali di cui siamo in possesso o che saranno richiesti o che ci verranno comunicati da Lei o da terzi sar\u00e0 svolto in esecuzione degli:<\/span><\/p>\n<ul class=\"ul1\">\n<li class=\"li4\"><span class=\"s1\">Obblighi di legge relativamente a fatturazione, scritture, registrazioni ed altre finalit\u00e0 di tipo amministrativo\/contabile<\/span><\/li>\n<li class=\"li4\"><span class=\"s1\">Obblighi contrattuali relativamente a fornitura di beni e\/o servizi<\/span><\/li>\n<li class=\"li4\"><span class=\"s1\">Soddisfazione di una richiesta effettuata dall'interessato<\/span><\/li>\n<\/ul>\n<p class=\"p4\"><span class=\"s1\">La comunicazione dei dati costituisce obbligo di legge relativamente alle operazioni amministrative\/contabili, requisito essenziale relativamente agli obblighi contrattuali, mentre \u00e8 facoltativa per le finalit\u00e0 di marketing.<\/span> <span class=\"s1\">La mancata comunicazione dei dati personali nei casi in cui questa costituisca obbligo legale o requisito essenziale, avr\u00e0 come conseguenza l'impossibilit\u00e0 di adempiere agli obblighi contrattuali. La mancata comunicazione dei dati personali per le finalit\u00e0 di marketing avr\u00e0 invece come unica conseguenza l'impossibilit\u00e0 ad effettuare le operazioni di marketing stesse.<\/span><\/p>\n<ol class=\"ol1\">\n<li class=\"li3\"><b><\/b><span class=\"s1\"><b>Modalit\u00e0 e liceit\u00e0 del trattamento dei Dati<\/b><\/span><\/li>\n<\/ol>\n<p class=\"p3\"><span class=\"s1\">In relazione alle indicate finalit\u00e0 il trattamento dei Dati avviene mediante strumenti manuali, informatici e telematici con logiche strettamente correlate alle finalit\u00e0 stesse e, comunque, con modalit\u00e0 tali da garantire la sicurezza e la riservatezza dei Dati stessi, oltre al rispetto degli obblighi specifici sanciti dalla normativa. <\/span><b> <\/b><span class=\"s1\">I dati saranno trattati nel rispetto del principio di liceit\u00e0, corretta, pertinenza e non eccedenza, secondo quanto disposto dalla normativa in materia di protezione dei dati personali. <\/span><span class=\"s6\">Il trattamento \u00e8 lecito in quanto:<\/span><\/p>\n<ul class=\"ul1\">\n<li class=\"li4\"><span class=\"s1\">II trattamento \u00e8 necessario all'esecuzione di un contratto di cui l'interessato \u00e8 parte o di misure precontrattuali richieste dallo stesso;<\/span><\/li>\n<li class=\"li4\"><span class=\"s1\">II trattamento \u00e8 necessario per adempiere ad un obbligo legale al quale \u00e8 soggetto il titolare del trattamento;<\/span><\/li>\n<\/ul>\n<ol class=\"ol1\">\n<li class=\"li3\"><b><\/b><span class=\"s1\"><b>Destinatari dei Dati personali<\/b><\/span><\/li>\n<\/ol>\n<p class=\"p3\"><span class=\"s1\">I dati personali potranno essere trattati, oltre che dal personale autorizzato interno all'azienda, anche dai seguenti soggetti: <\/span><\/p>\n<ul class=\"ul1\">\n<li class=\"li5\"><span class=\"s1\">consulente fiscale, legale e del lavoro;<\/span><\/li>\n<li class=\"li5\"><span class=\"s1\">consulenti per ambiti specifici (salute e sicurezza nei luoghi di lavoro, manutenzione\/amministrazione dei sistemi informatici hardware\/software, revisione contabile);<\/span><\/li>\n<li class=\"li5\"><span class=\"s1\">soggetti che possono accedere ai Suoi dati in forza di disposizioni normative; <\/span><\/li>\n<li class=\"li5\"><span class=\"s1\">organismi di controllo, anche a seguito di ispezioni o verifiche;<\/span><\/li>\n<li class=\"li5\"><span class=\"s1\">aziende o professionisti appaltatori o subappaltatori (in esecuzione di obblighi contrattuali od obblighi normativi);<\/span><\/li>\n<\/ul>\n<p class=\"p7\"><span class=\"s1\">La denominazione dei soggetti sopraelencati \u00e8 disponibile in ogni momento dietro richiesta da parte dell'interessato<\/span><span class=\"s2\">.<\/span><\/p>\n<ol class=\"ol1\">\n<li class=\"li8\"><b><\/b><span class=\"s1\"><b>Trasferimento di dati personali a paesi terzi od organizzazioni internazionali<\/b><\/span><\/li>\n<\/ol>\n<p class=\"p10\"><span class=\"s1\">L\u2019eventuale trasferimento dei Dati verso organizzazioni internazionali e\/o Paesi non appartenenti allo SEE, avverr\u00e0 secondo le modalit\u00e0 consentite dalla normativa vigente, quali ad esempio il consenso dell\u2019interessato, l\u2019adozione di Clausole Standard approvate dalla Commissione Europea, la selezione di soggetti aderenti a programmi internazionali per la libera circolazione dei dati (es. EU-USA Privacy Shield) od operanti in Paesi considerati sicuri dalla Commissione Europea.<\/span><\/p>\n<ol class=\"ol1\">\n<li class=\"li8\"><b><\/b><span class=\"s1\"><b>Periodo di conservazione dei dati personali<\/b><\/span><\/li>\n<\/ol>\n<p class=\"p12\"><span class=\"s1\">I Dati saranno conservati su supporti cartacei e\/o informatici per il solo tempo necessario ai fini per cui sono stati raccolti, rispettando i principi di limitazione della conservazione e minimizzazione di cui all\u2019articolo 5, comma 1, lettere c) ed e) del Regolamento.<span class=\"Apple-converted-space\">\u00a0 <\/span>I Dati saranno conservati per adempiere a obblighi normativi e perseguire i suindicati fini, in adesione ai principi d\u2019indispensabilit\u00e0, di non eccedenza e di pertinenza.<span class=\"Apple-converted-space\">\u00a0 <\/span>La Societ\u00e0 potrebbe conservare dei Dati dopo la cessazione del rapporto contrattuale per adempiere a obblighi normativi e\/o post-contrattuali. Il tempo di conservazione \u00e8 determinato in 2 anni per le finalit\u00e0 di marketing ed in 10 anni per le altre finalit\u00e0.<\/span><\/p>\n<ol class=\"ol1\">\n<li class=\"li3\"><b><\/b><span class=\"s1\"><b>Diritti dell'interessato<\/b><\/span><\/li>\n<\/ol>\n<p class=\"p13\"><span class=\"s1\">In relazione ai suddetti trattamenti, ciascun Interessato pu\u00f2 esercitare i diritti di cui agli articoli da 15 a 22 del Regolamento.<span class=\"Apple-converted-space\">\u00a0 <\/span>In particolare, l\u2019Interessato ha il diritto di chiedere alla Societ\u00e0 l'accesso ai propri Dati, la rettifica o la cancellazione degli stessi, ha diritto di opporsi al trattamento o di richiedere la limitazione del trattamento nei casi previsti dall'articolo 18 del Regolamento e di ottenere in un formato strutturato, di uso comune e leggibile da dispositivo automatico i propri Dati, nei casi previsti dall'articolo 20 del Regolamento.<span class=\"Apple-converted-space\">\u00a0 <\/span>L\u2019Interessato pu\u00f2 inoltre revocare in ogni momento i consensi prestati ai sensi dell\u2019articolo 7 del Regolamento, nonch\u00e9 proporre reclamo dell\u2019Autorit\u00e0 Garante per la protezione dei dati personali ai sensi dell\u2019articolo 77 del Regolamento, qualora ritenga che il trattamento dei propri Dati sia contrario alla normativa in vigore.<span class=\"Apple-converted-space\">\u00a0 <\/span>Nei casi di opposizione al trattamento dei Dati ai sensi dell\u2019articolo 21 del Regolamento, la Societ\u00e0 si riserva di valutare l\u2019istanza, che non verr\u00e0 accettata in caso sussistano motivi legittimi cogenti per procedere al trattamento che prevalgano sugli interessi, diritti e libert\u00e0 dell\u2019Interessato. Le richieste vanno rivolte per iscritto alla Societ\u00e0 ai recapiti suindicati.\u00a0<\/span><\/p>\n<p><!-- \/wp:heading --><\/p>\n<\/div>\n<\/div><\/div><\/div><\/div><\/div><\/div>","protected":false},"excerpt":{"rendered":"<p>In conformit\u00e0 con quanto previsto dall\u2019art. 13 del Regolamento UE 679\/2016 (&#8220;GDPR&#8221;), relativa alla tutela del trattamento dei dati personali raccolti presso l&#8217;interessato \u2013 LEF LIGHTING SRL sede legale: Via R. Morandi, 9\/11 Sesto Fiorentino (FI) &#8211; P.IVA 06741590480, tel. 055\/4217727, in qualit\u00e0 di Titolare del trattamento. Identit\u00e0 del Titolare&#8230;<\/p>\n","protected":false},"author":1,"featured_media":0,"parent":0,"menu_order":0,"comment_status":"closed","ping_status":"open","template":"","meta":{"footnotes":""},"class_list":["post-179","page","type-page","status-publish","hentry"],"yoast_head":"<!-- This site is optimized with the Yoast SEO plugin v26.7 - https:\/\/yoast.com\/wordpress\/plugins\/seo\/ -->\n<title>Privacy Policy - LEF Lighting<\/title>\n<meta name=\"robots\" content=\"index, follow, max-snippet:-1, max-image-preview:large, max-video-preview:-1\" \/>\n<link rel=\"canonical\" href=\"https:\/\/leflighting.it\/en\/privacy-policy\/\" \/>\n<meta property=\"og:locale\" content=\"en_US\" \/>\n<meta property=\"og:type\" content=\"article\" \/>\n<meta property=\"og:title\" content=\"Privacy Policy - LEF Lighting\" \/>\n<meta property=\"og:description\" content=\"In conformit\u00e0 con quanto previsto dall\u2019art. 13 del Regolamento UE 679\/2016 (&quot;GDPR&quot;), relativa alla tutela del trattamento dei dati personali raccolti presso l&#039;interessato \u2013 LEF LIGHTING SRL sede legale: Via R. Morandi, 9\/11 Sesto Fiorentino (FI) - P.IVA 06741590480, tel. 055\/4217727, in qualit\u00e0 di Titolare del trattamento. Identit\u00e0 del Titolare...\" \/>\n<meta property=\"og:url\" content=\"https:\/\/leflighting.it\/en\/privacy-policy\/\" \/>\n<meta property=\"og:site_name\" content=\"LEF Lighting\" \/>\n<meta property=\"article:modified_time\" content=\"2019-11-21T15:11:36+00:00\" \/>\n<meta name=\"twitter:card\" content=\"summary_large_image\" \/>\n<meta name=\"twitter:label1\" content=\"Est. reading time\" \/>\n\t<meta name=\"twitter:data1\" content=\"5 minutes\" \/>\n<script type=\"application\/ld+json\" class=\"yoast-schema-graph\">{\"@context\":\"https:\/\/schema.org\",\"@graph\":[{\"@type\":\"WebPage\",\"@id\":\"https:\/\/leflighting.it\/en\/privacy-policy\/\",\"url\":\"https:\/\/leflighting.it\/en\/privacy-policy\/\",\"name\":\"Privacy Policy - LEF Lighting\",\"isPartOf\":{\"@id\":\"https:\/\/leflighting.it\/en\/#website\"},\"datePublished\":\"2019-05-28T09:33:26+00:00\",\"dateModified\":\"2019-11-21T15:11:36+00:00\",\"breadcrumb\":{\"@id\":\"https:\/\/leflighting.it\/en\/privacy-policy\/#breadcrumb\"},\"inLanguage\":\"en-US\",\"potentialAction\":[{\"@type\":\"ReadAction\",\"target\":[\"https:\/\/leflighting.it\/en\/privacy-policy\/\"]}]},{\"@type\":\"BreadcrumbList\",\"@id\":\"https:\/\/leflighting.it\/en\/privacy-policy\/#breadcrumb\",\"itemListElement\":[{\"@type\":\"ListItem\",\"position\":1,\"name\":\"Home\",\"item\":\"https:\/\/leflighting.it\/en\/\"},{\"@type\":\"ListItem\",\"position\":2,\"name\":\"Privacy Policy\"}]},{\"@type\":\"WebSite\",\"@id\":\"https:\/\/leflighting.it\/en\/#website\",\"url\":\"https:\/\/leflighting.it\/en\/\",\"name\":\"LEF Lighting\",\"description\":\"\",\"potentialAction\":[{\"@type\":\"SearchAction\",\"target\":{\"@type\":\"EntryPoint\",\"urlTemplate\":\"https:\/\/leflighting.it\/en\/?s={search_term_string}\"},\"query-input\":{\"@type\":\"PropertyValueSpecification\",\"valueRequired\":true,\"valueName\":\"search_term_string\"}}],\"inLanguage\":\"en-US\"}]}<\/script>\n<!-- \/ Yoast SEO plugin. -->","yoast_head_json":{"title":"Privacy Policy - LEF Lighting","robots":{"index":"index","follow":"follow","max-snippet":"max-snippet:-1","max-image-preview":"max-image-preview:large","max-video-preview":"max-video-preview:-1"},"canonical":"https:\/\/leflighting.it\/en\/privacy-policy\/","og_locale":"en_US","og_type":"article","og_title":"Privacy Policy - LEF Lighting","og_description":"In conformit\u00e0 con quanto previsto dall\u2019art. 13 del Regolamento UE 679\/2016 (\"GDPR\"), relativa alla tutela del trattamento dei dati personali raccolti presso l'interessato \u2013 LEF LIGHTING SRL sede legale: Via R. Morandi, 9\/11 Sesto Fiorentino (FI) - P.IVA 06741590480, tel. 055\/4217727, in qualit\u00e0 di Titolare del trattamento. Identit\u00e0 del Titolare...","og_url":"https:\/\/leflighting.it\/en\/privacy-policy\/","og_site_name":"LEF Lighting","article_modified_time":"2019-11-21T15:11:36+00:00","twitter_card":"summary_large_image","twitter_misc":{"Est. reading time":"5 minutes"},"schema":{"@context":"https:\/\/schema.org","@graph":[{"@type":"WebPage","@id":"https:\/\/leflighting.it\/en\/privacy-policy\/","url":"https:\/\/leflighting.it\/en\/privacy-policy\/","name":"Privacy Policy - LEF Lighting","isPartOf":{"@id":"https:\/\/leflighting.it\/en\/#website"},"datePublished":"2019-05-28T09:33:26+00:00","dateModified":"2019-11-21T15:11:36+00:00","breadcrumb":{"@id":"https:\/\/leflighting.it\/en\/privacy-policy\/#breadcrumb"},"inLanguage":"en-US","potentialAction":[{"@type":"ReadAction","target":["https:\/\/leflighting.it\/en\/privacy-policy\/"]}]},{"@type":"BreadcrumbList","@id":"https:\/\/leflighting.it\/en\/privacy-policy\/#breadcrumb","itemListElement":[{"@type":"ListItem","position":1,"name":"Home","item":"https:\/\/leflighting.it\/en\/"},{"@type":"ListItem","position":2,"name":"Privacy Policy"}]},{"@type":"WebSite","@id":"https:\/\/leflighting.it\/en\/#website","url":"https:\/\/leflighting.it\/en\/","name":"LEF Lighting","description":"","potentialAction":[{"@type":"SearchAction","target":{"@type":"EntryPoint","urlTemplate":"https:\/\/leflighting.it\/en\/?s={search_term_string}"},"query-input":{"@type":"PropertyValueSpecification","valueRequired":true,"valueName":"search_term_string"}}],"inLanguage":"en-US"}]}},"_links":{"self":[{"href":"https:\/\/leflighting.it\/en\/wp-json\/wp\/v2\/pages\/179","targetHints":{"allow":["GET"]}}],"collection":[{"href":"https:\/\/leflighting.it\/en\/wp-json\/wp\/v2\/pages"}],"about":[{"href":"https:\/\/leflighting.it\/en\/wp-json\/wp\/v2\/types\/page"}],"author":[{"embeddable":true,"href":"https:\/\/leflighting.it\/en\/wp-json\/wp\/v2\/users\/1"}],"replies":[{"embeddable":true,"href":"https:\/\/leflighting.it\/en\/wp-json\/wp\/v2\/comments?post=179"}],"version-history":[{"count":2,"href":"https:\/\/leflighting.it\/en\/wp-json\/wp\/v2\/pages\/179\/revisions"}],"predecessor-version":[{"id":422,"href":"https:\/\/leflighting.it\/en\/wp-json\/wp\/v2\/pages\/179\/revisions\/422"}],"wp:attachment":[{"href":"https:\/\/leflighting.it\/en\/wp-json\/wp\/v2\/media?parent=179"}],"curies":[{"name":"wp","href":"https:\/\/api.w.org\/{rel}","templated":true}]}}