{"id":272,"date":"2019-06-04T14:52:07","date_gmt":"2019-06-04T12:52:07","guid":{"rendered":"https:\/\/new.lef.it\/cookie-policy\/"},"modified":"2019-06-04T14:52:46","modified_gmt":"2019-06-04T12:52:46","slug":"cookie-policy","status":"publish","type":"page","link":"https:\/\/leflighting.it\/en\/cookie-policy\/","title":{"rendered":"Cookie Policy"},"content":{"rendered":"<div id=\"pl-272\"  class=\"panel-layout\" ><div id=\"pg-272-0\"  class=\"panel-grid panel-has-style\" ><div class=\"uk-container uk-section panel-row-style panel-row-style-for-272-0\" ><div id=\"pgc-272-0-0\"  class=\"panel-grid-cell\" ><div id=\"panel-272-0-0-0\" class=\"so-panel widget widget_sow-editor panel-first-child panel-last-child\" data-index=\"0\" ><div\n\t\t\t\n\t\t\tclass=\"so-widget-sow-editor so-widget-sow-editor-base\"\n\t\t\t\n\t\t><h3 class=\"widget-title\">COOKIE POLICY E INFORMATIVA ESTESA SULL\u2019USO DEI COOKIES<\/h3>\n<div class=\"siteorigin-widget-tinymce textwidget\">\n\t<div class=\"post-entry\">\n<p>La presente informativa \u00e8 resa ai sensi dell\u2019art. 13 del D.Lgs. n. 196\/2003\u00a0<em>\u201cCodice in materia di protezione dei dati personali<\/em>\u201d all\u2019utente che interagisce con i servizi web erogati mediante il sito www.lef.it.<br \/>\nE\u2019 resa, inoltre, in attuazione del provvedimento del Garante per la protezione dei dati personali dell\u20198 maggio 2014 \u201cIndividuazione delle modalit\u00e0 semplificate per l\u2019informativa e l\u2019acquisizione del consenso per l\u2019uso dei cookie\u201d e degli ulteriori Chiarimenti emanati dal Garante per la protezione dei dati personali.<br \/>\nTitolare del trattamento \u00e8 LEF Srl via Rodolfo Morandi 12 50019 Sesto Fiorentino<\/p>\n<p>L\u2019informativa \u00e8 resa solo per il sito di Lef e non per altri siti web eventualmente consultati o comunque acceduti dall\u2019utente tramite link.<br \/>\nNessun dato derivante dal servizio web viene comunicato o diffuso, salvo nei casi espressamente previsti dalla legge.<br \/>\nI dati personali forniti dagli utenti sono utilizzati al solo fine di eseguire il servizio o la prestazione richiesta e sono comunicati a terzi solo nel caso in cui ci\u00f2 sia a tal fine necessario. L \u2018interessato ha diritto di ottenere l\u2019indicazione dell\u2019origine dei dati personali; delle finalit\u00e0 e modalit\u00e0 del trattamento; della logica applicata in caso di trattamento effettuato con l\u2019ausilio di strumenti elettronici; degli estremi identificativi del titolare, dei responsabili e dei soggetti o delle categorie di soggetti ai quali i dati personali possono essere comunicati o che possono venirne a conoscenza in qualit\u00e0 di responsabili o incaricati.<\/p>\n<p>L\u2019interessato ha diritto di ottenere l\u2019aggiornamento, la rettifica ovvero, quando vi ha interesse, l\u2019integrazione dei dati; la cancellazione, la trasformazione in forma anonima o il blocco dei dati trattati in violazione di legge, compresi quelli di cui non \u00e8 necessaria la conservazione in relazione agli scopi per i quali i dati sono stati raccolti o successivamente trattati; l\u2019attestazione che le operazioni di cui sopra sono state portate a conoscenza, anche per quanto riguarda il loro contenuto, di coloro ai quali i dati sono stati comunicati o diffusi, eccettuato il caso in cui tale adempimento si rivela impossibile o comporta un impiego di mezzi manifestamente sproporzionato rispetto al diritto tutelato.<\/p>\n<p>L\u2019interessato ha diritto di opporsi, in tutto o in parte per motivi legittimi al trattamento dei dati personali che lo riguardano, ancorch\u00e9 pertinenti allo scopo della raccolta; al trattamento di dati personali che lo riguardano a fini di marketing. nonch\u00e9 pu\u00f2 chiedere l\u2019elenco aggiornato dei Responsabili del trattamento eventualmente designati.<br \/>\nPer l\u2019esercizio di questi diritti l\u2019interessato pu\u00f2 rivolgersi gratuitamente scrivendo a\u00a0<a href=\"mailto:info@lef.it\">info@lef.it<\/a>. Allo stesso modo, ogni ulteriore richiesta circa l\u2019utilizzo dei cookie nel presente sito web pu\u00f2 essere inviata all\u2019 indirizzo email\u00a0<a href=\"mailto:info@lef.it\">info@lef.it<\/a>.<\/p>\n<p><strong>Informativa sui cookie.<\/strong><\/p>\n<p><strong>Che cosa sono i cookie\u00a0<\/strong><br \/>\nI cookie sono piccoli file di testo che i siti visitati dagli utenti inviano ai loro terminali, ove vengono memorizzati per essere poi ritrasmessi agli stessi siti alla visita successiva. I cookie delle c.d. \u201cterze parti\u201d vengono, invece, impostati da un sito web diverso da quello che l\u2019utente sta visitando. Questo accade perch\u00e9 su ogni sito possono essere presenti elementi (immagini, mappe, suoni, specifici link a pagine web di altri domini, ecc.) che risiedono su server diversi da quello del sito visitato.<br \/>\nI cookie sono usati per differenti finalit\u00e0: esecuzione di autenticazioni informatiche, monitoraggio di sessioni, memorizzazione di informazioni su specifiche configurazioni riguardanti gli utenti che accedono al server, memorizzazione delle preferenze, ecc, anche a fini di remarketing e pubblicit\u00e0. Si dividono in macro categorie: tecnici, tecnici\/analitici e di profilazione. Essi a loro volta possono essere di prima o di terza parte, I cookies di prima parte provengono dal dominio del sito visitato, quelli di terze parti provengono da domini di siti terzi (vedi sotto)<\/p>\n<p><strong>Cookie tecnici<\/strong><br \/>\nQuesta tipologia di cookie permette il corretto funzionamento di alcune sezioni del Sito. Sono di due categorie: persistenti e di sessione:<\/p>\n<ul>\n<li>persistenti: una volta chiuso il browser non vengono distrutti ma rimangono fino ad una data di scadenza preimpostata<\/li>\n<li>di sessione: vengono distrutti ogni volta che il browser viene chiuso<\/li>\n<\/ul>\n<p>Questi cookie sono necessari a visualizzare correttamente il sito e ad utilizzare gli eventuali servizi tecnici offerti. Pertanto verranno sempre utilizzati e inviati, a meno che l\u2019utente non modifichi le impostazioni nel proprio browser (potendo per\u00f2 impedire la completa visualizzazione delle pagine del sito).<\/p>\n<p><strong>Cookie analitici<\/strong><br \/>\nI cookie in questa categoria vengono utilizzati per analisi statistiche anonime al fine di migliorare l\u2019utilizzo del Sito e per rendere i contenuti pi\u00f9 interessanti e attinenti ai desideri dell\u2019utenza. Ad esempio, le statistiche saranno relative a: pagine visitate, tempo di permanenza, origini del traffico di provenienza, provenienza geografica, et\u00e0, genere e interessi, Questa tipologia di cookie raccoglie dati in forma anonima sull\u2019attivit\u00e0 dell\u2019utenza I cookie analitici possono essere inviati o dal sito stesso o da domini di terzi (terze parti).<\/p>\n<p><strong>Cookie per integrare prodotti e funzioni di software di terze parti<\/strong><br \/>\nQuesta tipologia di cookie viene utilizzata per funzionalit\u00e0 sviluppate da terzi all\u2019interno delle pagine del Sito come, in caso di link ai social network, e le preferenze espresse in essi al fine di condivisione dei contenuti del sito o per l\u2019uso di servizi software di terze parti (come i software per generare le mappe, tipo Google Maps, e ulteriori software che offrono servizi aggiuntivi). Questi cookie sono inviati da domini di terze parti e da siti partner che offrono le loro funzionalit\u00e0 tra le pagine del Sito.<\/p>\n<p><strong>Cookie \u201cdi profilazione\u201d<\/strong><br \/>\nI cookie di profilazione sono volti a creare profili relativi all\u2019utente e vengono utilizzati al fine di inviare messaggi pubblicitari in linea con le preferenze manifestate dallo stesso nell\u2019ambito della navigazione in rete. Questo sito utilizza cookies di profilazione esclusivamente di terze parti relativamente alla integrazione delle funzioni dei servizi di Google Maps e Google Analytics (vedi paragrafo precedente).<\/p>\n<p><strong>Cookie di terze parti<\/strong><br \/>\nLef Srl, opera quale intermediario tecnico tra le terze parti che possono installare cookies tramite il sito\u00a0<a href=\"http:\/\/www.lef.it\/\">www.lef.it<\/a>\u00a0stesse e gli utenti. Si segnala che LEF si avvale del servizio di Google relativamente a Google Analytics e Google Maps, e, relativamente a tali cookies, si rimanda pertanto alla Privacy policy e alla Informativa di Google per ulteriori informazioni in merito alla gestione, alla\u00a0<a href=\"https:\/\/support.google.com\/accounts\/answer\/61416?hl=it\" target=\"_blank\" rel=\"noopener\">attivazione\/disattivazione di essi<\/a><\/p>\n<p>Cookies utilizzati dal sito\u00a0<a href=\"http:\/\/www.lef.it\/\">www.lef.it<\/a><\/p>\n<table>\n<thead>\n<tr>\n<th>Cookie e proprietario<\/th>\n<th>Categoria dei cookie<\/th>\n<th>Scopo<\/th>\n<th>Durata massima<\/th>\n<th>Ulteriori informazioni utili<\/th>\n<\/tr>\n<\/thead>\n<tbody>\n<tr>\n<td><strong>LEF<\/strong><br \/>\n_icl_current_language<br \/>\nwp-settings-1<br \/>\n_wp_session<br \/>\nwp-settings-time-1<\/td>\n<td>Cookie tecnici del CMS<\/td>\n<td>Cookie di navigazione e di sessione<\/td>\n<td>Durata della sessione<\/td>\n<td><\/td>\n<\/tr>\n<tr>\n<td><strong>GOOGLE<\/strong><br \/>\nAPISID<br \/>\nCONSENT<br \/>\nHSID<br \/>\nNID<br \/>\nPREF<br \/>\nSAPISID<br \/>\nSID<br \/>\nSSID<\/td>\n<td>Cookie tecnici e di profilazione di Google Maps<\/td>\n<td>Cookie per includere nelle pagine del Sito le mappe fornite da Google<\/td>\n<td>Fino ad un massimo di 2 anni<\/td>\n<td><a href=\"http:\/\/www.google.it\/intl\/it\/policies\/technologies\/cookies\/\">google.it\/intl\/it\/policies\/technologies\/cookies\/<\/a><\/td>\n<\/tr>\n<tr>\n<td><strong>GOOGLE<\/strong><br \/>\n__utmb<br \/>\n__utma<br \/>\n__utmz<br \/>\n__utmv<\/td>\n<td rowspan=\"4\">Cookie tecnici e di profilazione di Google Analytics<\/td>\n<td rowspan=\"4\">Cookie per il servizio di monitoraggio e statistica fornito Google Analytics<\/td>\n<td>Fino ad un massimo di 2 anni<\/td>\n<td><a href=\"https:\/\/support.google.com\/analytics\/answer\/2700409?hl=it\">support.google.com\/analytics\/answer\/2700409?hl=it<\/a><\/td>\n<\/tr>\n<\/tbody>\n<\/table>\n<p><strong>Nota: i cookie di terze parti possono cambiare nome, aumentare o diminuire di numero in qualsiasi momento e senza preavviso da parte del fornitore terzo.<br \/>\nCome prestare o revocare il consenso<\/strong><\/p>\n<p>Il consenso all\u2019utilizzo dei cookie viene prestato inizialmente attraverso le seguenti modalit\u00e0: chiudendo il banner, scorrendo la pagina che ospita il banner o cliccando qualunque suo elemento, e pu\u00f2 essere revocato in ogni momento secondo quanto sopra indicato.<\/p>\n<p><strong>Opzioni circa l\u2019uso dei cookie da parte del sito mediante le impostazione del browser<\/strong><\/p>\n<p>Tutti i cookies, sia di prime che di terze parti, sono disattivabili intervenendo sulle impostazioni del browser utilizzato o direttamente o attraverso componenti aggiuntivi del browser stesso, anche se questo potrebbe rendere inutilizzabili i siti qualora si bloccassero i cookie indispensabili per l\u2019erogazione delle funzionalit\u00e0. Ogni browser dispone di impostazioni diverse per la disattivazione dei cookie; di seguito i collegamenti alle istruzioni per i browser pi\u00f9 comuni.<\/p>\n<ul>\n<li><a href=\"http:\/\/windows.microsoft.com\/it-it\/windows-vista\/block-or-allow-cookies\">Microsoft Internet Explorer<\/a><\/li>\n<li><a href=\"https:\/\/support.mozilla.org\/it\/kb\/Attivare%20e%20disattivare%20i%20cookie\">Mozilla Firefox<\/a><\/li>\n<li><a href=\"https:\/\/support.google.com\/chrome\/answer\/95647?hl=it&amp;topic=14666&amp;ctx=topic\">Google Chrome<\/a><\/li>\n<li><a href=\"https:\/\/support.apple.com\/kb\/PH17191?locale=it_IT&amp;viewlocale=it_IT\">Apple Safari<\/a><\/li>\n<\/ul>\n<p><strong>Ulteriori Informazioni sui trattamenti di dati personali effettuati sul sito.\u00a0<\/strong><br \/>\nPer ulteriori informazioni sul trattamento di dati personali raccolti da Lef srl consultare la\u00a0<a href=\"http:\/\/www.lef.it\/en\/privacy\/\">Privacy Policy<\/a>\u00a0di Lef.<\/p>\n<\/div>\n<p><!-- \/wp:heading --><\/p>\n<\/div>\n<\/div><\/div><\/div><\/div><\/div><\/div>","protected":false},"excerpt":{"rendered":"<p>La presente informativa \u00e8 resa ai sensi dell\u2019art. 13 del D.Lgs. n. 196\/2003\u00a0\u201cCodice in materia di protezione dei dati personali\u201d all\u2019utente che interagisce con i servizi web erogati mediante il sito www.lef.it. E\u2019 resa, inoltre, in attuazione del provvedimento del Garante per la protezione dei dati personali dell\u20198 maggio 2014&#8230;<\/p>\n","protected":false},"author":1,"featured_media":0,"parent":0,"menu_order":0,"comment_status":"closed","ping_status":"closed","template":"","meta":{"footnotes":""},"class_list":["post-272","page","type-page","status-publish","hentry"],"yoast_head":"<!-- This site is optimized with the Yoast SEO plugin v26.7 - https:\/\/yoast.com\/wordpress\/plugins\/seo\/ -->\n<title>Cookie Policy - LEF Lighting<\/title>\n<meta name=\"robots\" content=\"index, follow, max-snippet:-1, max-image-preview:large, max-video-preview:-1\" \/>\n<link rel=\"canonical\" href=\"https:\/\/leflighting.it\/en\/cookie-policy\/\" \/>\n<meta property=\"og:locale\" content=\"en_US\" \/>\n<meta property=\"og:type\" content=\"article\" \/>\n<meta property=\"og:title\" content=\"Cookie Policy - LEF Lighting\" \/>\n<meta property=\"og:description\" content=\"La presente informativa \u00e8 resa ai sensi dell\u2019art. 13 del D.Lgs. n. 196\/2003\u00a0\u201cCodice in materia di protezione dei dati personali\u201d all\u2019utente che interagisce con i servizi web erogati mediante il sito www.lef.it. E\u2019 resa, inoltre, in attuazione del provvedimento del Garante per la protezione dei dati personali dell\u20198 maggio 2014...\" \/>\n<meta property=\"og:url\" content=\"https:\/\/leflighting.it\/en\/cookie-policy\/\" \/>\n<meta property=\"og:site_name\" content=\"LEF Lighting\" \/>\n<meta property=\"article:modified_time\" content=\"2019-06-04T12:52:46+00:00\" \/>\n<meta name=\"twitter:card\" content=\"summary_large_image\" \/>\n<meta name=\"twitter:label1\" content=\"Est. reading time\" \/>\n\t<meta name=\"twitter:data1\" content=\"7 minutes\" \/>\n<script type=\"application\/ld+json\" class=\"yoast-schema-graph\">{\"@context\":\"https:\/\/schema.org\",\"@graph\":[{\"@type\":\"WebPage\",\"@id\":\"https:\/\/leflighting.it\/en\/cookie-policy\/\",\"url\":\"https:\/\/leflighting.it\/en\/cookie-policy\/\",\"name\":\"Cookie Policy - LEF Lighting\",\"isPartOf\":{\"@id\":\"https:\/\/leflighting.it\/en\/#website\"},\"datePublished\":\"2019-06-04T12:52:07+00:00\",\"dateModified\":\"2019-06-04T12:52:46+00:00\",\"breadcrumb\":{\"@id\":\"https:\/\/leflighting.it\/en\/cookie-policy\/#breadcrumb\"},\"inLanguage\":\"en-US\",\"potentialAction\":[{\"@type\":\"ReadAction\",\"target\":[\"https:\/\/leflighting.it\/en\/cookie-policy\/\"]}]},{\"@type\":\"BreadcrumbList\",\"@id\":\"https:\/\/leflighting.it\/en\/cookie-policy\/#breadcrumb\",\"itemListElement\":[{\"@type\":\"ListItem\",\"position\":1,\"name\":\"Home\",\"item\":\"https:\/\/leflighting.it\/en\/\"},{\"@type\":\"ListItem\",\"position\":2,\"name\":\"Cookie Policy\"}]},{\"@type\":\"WebSite\",\"@id\":\"https:\/\/leflighting.it\/en\/#website\",\"url\":\"https:\/\/leflighting.it\/en\/\",\"name\":\"LEF Lighting\",\"description\":\"\",\"potentialAction\":[{\"@type\":\"SearchAction\",\"target\":{\"@type\":\"EntryPoint\",\"urlTemplate\":\"https:\/\/leflighting.it\/en\/?s={search_term_string}\"},\"query-input\":{\"@type\":\"PropertyValueSpecification\",\"valueRequired\":true,\"valueName\":\"search_term_string\"}}],\"inLanguage\":\"en-US\"}]}<\/script>\n<!-- \/ Yoast SEO plugin. -->","yoast_head_json":{"title":"Cookie Policy - LEF Lighting","robots":{"index":"index","follow":"follow","max-snippet":"max-snippet:-1","max-image-preview":"max-image-preview:large","max-video-preview":"max-video-preview:-1"},"canonical":"https:\/\/leflighting.it\/en\/cookie-policy\/","og_locale":"en_US","og_type":"article","og_title":"Cookie Policy - LEF Lighting","og_description":"La presente informativa \u00e8 resa ai sensi dell\u2019art. 13 del D.Lgs. n. 196\/2003\u00a0\u201cCodice in materia di protezione dei dati personali\u201d all\u2019utente che interagisce con i servizi web erogati mediante il sito www.lef.it. E\u2019 resa, inoltre, in attuazione del provvedimento del Garante per la protezione dei dati personali dell\u20198 maggio 2014...","og_url":"https:\/\/leflighting.it\/en\/cookie-policy\/","og_site_name":"LEF Lighting","article_modified_time":"2019-06-04T12:52:46+00:00","twitter_card":"summary_large_image","twitter_misc":{"Est. reading time":"7 minutes"},"schema":{"@context":"https:\/\/schema.org","@graph":[{"@type":"WebPage","@id":"https:\/\/leflighting.it\/en\/cookie-policy\/","url":"https:\/\/leflighting.it\/en\/cookie-policy\/","name":"Cookie Policy - LEF Lighting","isPartOf":{"@id":"https:\/\/leflighting.it\/en\/#website"},"datePublished":"2019-06-04T12:52:07+00:00","dateModified":"2019-06-04T12:52:46+00:00","breadcrumb":{"@id":"https:\/\/leflighting.it\/en\/cookie-policy\/#breadcrumb"},"inLanguage":"en-US","potentialAction":[{"@type":"ReadAction","target":["https:\/\/leflighting.it\/en\/cookie-policy\/"]}]},{"@type":"BreadcrumbList","@id":"https:\/\/leflighting.it\/en\/cookie-policy\/#breadcrumb","itemListElement":[{"@type":"ListItem","position":1,"name":"Home","item":"https:\/\/leflighting.it\/en\/"},{"@type":"ListItem","position":2,"name":"Cookie Policy"}]},{"@type":"WebSite","@id":"https:\/\/leflighting.it\/en\/#website","url":"https:\/\/leflighting.it\/en\/","name":"LEF Lighting","description":"","potentialAction":[{"@type":"SearchAction","target":{"@type":"EntryPoint","urlTemplate":"https:\/\/leflighting.it\/en\/?s={search_term_string}"},"query-input":{"@type":"PropertyValueSpecification","valueRequired":true,"valueName":"search_term_string"}}],"inLanguage":"en-US"}]}},"_links":{"self":[{"href":"https:\/\/leflighting.it\/en\/wp-json\/wp\/v2\/pages\/272","targetHints":{"allow":["GET"]}}],"collection":[{"href":"https:\/\/leflighting.it\/en\/wp-json\/wp\/v2\/pages"}],"about":[{"href":"https:\/\/leflighting.it\/en\/wp-json\/wp\/v2\/types\/page"}],"author":[{"embeddable":true,"href":"https:\/\/leflighting.it\/en\/wp-json\/wp\/v2\/users\/1"}],"replies":[{"embeddable":true,"href":"https:\/\/leflighting.it\/en\/wp-json\/wp\/v2\/comments?post=272"}],"version-history":[{"count":1,"href":"https:\/\/leflighting.it\/en\/wp-json\/wp\/v2\/pages\/272\/revisions"}],"predecessor-version":[{"id":273,"href":"https:\/\/leflighting.it\/en\/wp-json\/wp\/v2\/pages\/272\/revisions\/273"}],"wp:attachment":[{"href":"https:\/\/leflighting.it\/en\/wp-json\/wp\/v2\/media?parent=272"}],"curies":[{"name":"wp","href":"https:\/\/api.w.org\/{rel}","templated":true}]}}